{"id":5,"date":"2012-12-13T18:32:30","date_gmt":"2012-12-13T18:32:30","guid":{"rendered":"https:\/\/luislucaspereira.net\/centroplana\/?page_id=5"},"modified":"2013-01-03T15:31:15","modified_gmt":"2013-01-03T15:31:15","slug":"quem-somos","status":"publish","type":"page","link":"https:\/\/luislucaspereira.net\/centroplana\/?page_id=5","title":{"rendered":"qui nous sommes"},"content":{"rendered":"<p><strong>HISTOIRE<\/strong><\/p>\n<p>Fond\u00e9e en 1998, CENTROPLANA est titulaire du permis Portugais (Alvar\u00e1) classe 4.<\/p>\n<p>Sa mission premi\u00e8re \u00e9tait essentiellement le terrassement et l\u2019ex\u00e9cution de sols ext\u00e9rieurs en pav\u00e9s de pierres naturelles (Chauss\u00e9e, trottoir, parking, acc\u00e8s d\u2019habitation, cours etc\u2026).<\/p>\n<p>Actuellement nous restons fid\u00e8les \u00e0 notre activit\u00e9 d\u2019origine, l\u2019ex\u00e9cution de pavage, mais d\u2019autres activit\u00e9s font partie de l\u2019entreprise.<\/p>\n<p>D\u2019une forme globale les travaux ex\u00e9cut\u00e9s s\u2019ins\u00e8rent dans les domaines suivants : terrassement, r\u00e9seau de viabilisation de terrain, Voirie R\u00e9seaux Divers, travaux d\u2019am\u00e9nagements et pavement.<\/p>\n<p><strong>MISSION<\/strong><\/p>\n<p>Maintenir et augmenter l\u2019importance de notre march\u00e9, en assurant la satisfaction de nos clients, nos collaborateurs et nos fournisseurs.<\/p>\n<p><strong>POLITIQUE<\/strong><\/p>\n<p>Notre politique est repr\u00e9sent\u00e9e par les points suivants:<\/p>\n<p>Une bonne gestion des ressources pour augmenter les b\u00e9n\u00e9fices en diminuant les co\u00fbts.<br \/>\nPlanifier la r\u00e9alisation des travaux afin d\u2019assumer et garantir les accords \u00e9tablis avec le client.<br \/>\nComportement professionnel dans la communication favorisant ainsi la satisfaction et la fid\u00e9lisation du client.<br \/>\nPartenariat avec les fournisseurs pour \u00e9tablir les conditions du client.<br \/>\nPerfectionner les m\u00e9thodes de travail, le dynamisme de l\u2019\u00e9quipe, la s\u00e9curit\u00e9 des travaux et impliquer tous les collaborateurs dans la strat\u00e9gie de CENTROPLANA.<\/p>\n","protected":false},"excerpt":{"rendered":"<p>HISTOIRE Fond\u00e9e en 1998, CENTROPLANA est titulaire du permis Portugais (Alvar\u00e1) classe 4. Sa mission premi\u00e8re \u00e9tait essentiellement le terrassement et l\u2019ex\u00e9cution de sols ext\u00e9rieurs en pav\u00e9s de pierres naturelles (Chauss\u00e9e, trottoir, parking, acc\u00e8s d\u2019habitation, cours etc\u2026). Actuellement nous restons fid\u00e8les \u00e0 notre activit\u00e9 d\u2019origine, l\u2019ex\u00e9cution de pavage, mais d\u2019autres [&hellip;]<\/p>\n","protected":false},"author":1,"featured_media":0,"parent":0,"menu_order":0,"comment_status":"open","ping_status":"open","template":"","meta":{"footnotes":""},"_links":{"self":[{"href":"https:\/\/luislucaspereira.net\/centroplana\/index.php?rest_route=\/wp\/v2\/pages\/5"}],"collection":[{"href":"https:\/\/luislucaspereira.net\/centroplana\/index.php?rest_route=\/wp\/v2\/pages"}],"about":[{"href":"https:\/\/luislucaspereira.net\/centroplana\/index.php?rest_route=\/wp\/v2\/types\/page"}],"author":[{"embeddable":true,"href":"https:\/\/luislucaspereira.net\/centroplana\/index.php?rest_route=\/wp\/v2\/users\/1"}],"replies":[{"embeddable":true,"href":"https:\/\/luislucaspereira.net\/centroplana\/index.php?rest_route=%2Fwp%2Fv2%2Fcomments&post=5"}],"version-history":[{"count":5,"href":"https:\/\/luislucaspereira.net\/centroplana\/index.php?rest_route=\/wp\/v2\/pages\/5\/revisions"}],"predecessor-version":[{"id":180,"href":"https:\/\/luislucaspereira.net\/centroplana\/index.php?rest_route=\/wp\/v2\/pages\/5\/revisions\/180"}],"wp:attachment":[{"href":"https:\/\/luislucaspereira.net\/centroplana\/index.php?rest_route=%2Fwp%2Fv2%2Fmedia&parent=5"}],"curies":[{"name":"wp","href":"https:\/\/api.w.org\/{rel}","templated":true}]}}