{"id":7,"date":"2012-12-13T18:32:46","date_gmt":"2012-12-13T18:32:46","guid":{"rendered":"https:\/\/luislucaspereira.net\/centroplana\/?page_id=7"},"modified":"2013-01-02T18:56:23","modified_gmt":"2013-01-02T18:56:23","slug":"servicos","status":"publish","type":"page","link":"https:\/\/luislucaspereira.net\/centroplana\/?page_id=7","title":{"rendered":"services"},"content":{"rendered":"<p>Nos sp\u00e9cialit\u00e9s\u00a0:<\/p>\n<ul>\n<li>Excavation, r\u00e9gularisation et compactage des sols.<\/li>\n<li>R\u00e9alisation de tranch\u00e9es et pose de canalisations pour r\u00e9seaux d\u2019eaux us\u00e9es, d\u2019eaux pluviales, d\u2019\u00e9lectricit\u00e9 etc\u2026 .<\/li>\n<li>Vente et application de sols ext\u00e9rieurs tels que pav\u00e9s pierres naturelles, pav\u00e9s b\u00e9tons, bordures, dalles, sables et graviers naturels.<\/li>\n<li>Vente et application de sols int\u00e9rieurs en pierre naturelle.<\/li>\n<\/ul>\n","protected":false},"excerpt":{"rendered":"<p>Nos sp\u00e9cialit\u00e9s\u00a0: Excavation, r\u00e9gularisation et compactage des sols. R\u00e9alisation de tranch\u00e9es et pose de canalisations pour r\u00e9seaux d\u2019eaux us\u00e9es, d\u2019eaux pluviales, d\u2019\u00e9lectricit\u00e9 etc\u2026 . Vente et application de sols ext\u00e9rieurs tels que pav\u00e9s pierres naturelles, pav\u00e9s b\u00e9tons, bordures, dalles, sables et graviers naturels. Vente et application de sols int\u00e9rieurs en [&hellip;]<\/p>\n","protected":false},"author":1,"featured_media":0,"parent":0,"menu_order":0,"comment_status":"open","ping_status":"open","template":"","meta":{"footnotes":""},"_links":{"self":[{"href":"https:\/\/luislucaspereira.net\/centroplana\/index.php?rest_route=\/wp\/v2\/pages\/7"}],"collection":[{"href":"https:\/\/luislucaspereira.net\/centroplana\/index.php?rest_route=\/wp\/v2\/pages"}],"about":[{"href":"https:\/\/luislucaspereira.net\/centroplana\/index.php?rest_route=\/wp\/v2\/types\/page"}],"author":[{"embeddable":true,"href":"https:\/\/luislucaspereira.net\/centroplana\/index.php?rest_route=\/wp\/v2\/users\/1"}],"replies":[{"embeddable":true,"href":"https:\/\/luislucaspereira.net\/centroplana\/index.php?rest_route=%2Fwp%2Fv2%2Fcomments&post=7"}],"version-history":[{"count":5,"href":"https:\/\/luislucaspereira.net\/centroplana\/index.php?rest_route=\/wp\/v2\/pages\/7\/revisions"}],"predecessor-version":[{"id":77,"href":"https:\/\/luislucaspereira.net\/centroplana\/index.php?rest_route=\/wp\/v2\/pages\/7\/revisions\/77"}],"wp:attachment":[{"href":"https:\/\/luislucaspereira.net\/centroplana\/index.php?rest_route=%2Fwp%2Fv2%2Fmedia&parent=7"}],"curies":[{"name":"wp","href":"https:\/\/api.w.org\/{rel}","templated":true}]}}